{"id":12908,"date":"2025-11-14T09:09:33","date_gmt":"2025-11-14T09:09:33","guid":{"rendered":"https:\/\/bookviz.pro\/?page_id=12908"},"modified":"2025-12-02T18:39:33","modified_gmt":"2025-12-02T18:39:33","slug":"aviso-legal-bookviz","status":"publish","type":"page","link":"https:\/\/bookviz.pro\/eng\/aviso-legal-bookviz\/","title":{"rendered":"Legal Notice"},"content":{"rendered":"<h2 class=\"wp-block-heading\"><strong>Aviso Legal \u2014 BOOKVIZ<\/strong><\/h2>\n\n\n\n<p><strong>\u00daltima actualizaci\u00f3n: 14\/11\/2025<\/strong><\/p>\n\n\n\n<h3 class=\"wp-block-heading\"><strong>1. Datos identificativos<\/strong><\/h3>\n\n\n\n<p>En cumplimiento con la Ley 34\/2002, de 11 de julio, de Servicios de la Sociedad de la Informaci\u00f3n y Comercio Electr\u00f3nico (LSSI), se informa de lo siguiente:<\/p>\n\n\n\n<ul class=\"wp-block-list\">\n<li><strong>Titular:<\/strong> Adri\u00e1n Vidal Cerver\u00f3<\/li>\n\n\n\n<li><strong>Nombre comercial:<\/strong> <strong>Bookviz<\/strong><\/li>\n\n\n\n<li><strong>Actividad profesional:<\/strong> Creaci\u00f3n de renders 3D de libros con fines comerciales<\/li>\n\n\n\n<li><strong>Email de contacto:<\/strong> <strong><span \n                data-original-string='N5MHInVTuIqG0I2UeKN0GQ==b57ROPfSqXFhJxrCYp2\/N1J4SrHNmRjON1ioVqxAWx6YQM='\n                class='apbct-email-encoder'\n                title='This contact has been encoded by Anti-Spam by CleanTalk. Click to decode. To finish the decoding make sure that JavaScript is enabled in your browser.'>he<span class=\"apbct-blur\">***<\/span>@<span class=\"apbct-blur\">*****<\/span>iz.pro<\/span><\/strong><\/li>\n<\/ul>\n\n\n\n<p>El titular desarrolla su actividad como <strong>aut\u00f3nomo<\/strong>, sin constituir por ahora una entidad mercantil. Cuando exista cambio de forma jur\u00eddica, se actualizar\u00e1 este aviso.<\/p>\n\n\n\n<hr class=\"wp-block-separator has-alpha-channel-opacity\"\/>\n\n\n\n<h3 class=\"wp-block-heading\"><strong>2. Objeto del sitio web<\/strong><\/h3>\n\n\n\n<p>El sitio web <strong>Bookviz<\/strong> tiene como finalidad:<\/p>\n\n\n\n<ul class=\"wp-block-list\">\n<li>Mostrar servicios profesionales de creaci\u00f3n de renders 3D.<\/li>\n\n\n\n<li>Facilitar informaci\u00f3n sobre los servicios ofrecidos.<\/li>\n\n\n\n<li>Permitir el contacto entre usuarios y el titular v\u00eda formularios o correo electr\u00f3nico.<\/li>\n<\/ul>\n\n\n\n<hr class=\"wp-block-separator has-alpha-channel-opacity\"\/>\n\n\n\n<h3 class=\"wp-block-heading\"><strong>3. Condiciones de uso<\/strong><\/h3>\n\n\n\n<p>El acceso y uso del sitio web implican la aceptaci\u00f3n plena de este Aviso Legal.<\/p>\n\n\n\n<p>El usuario se compromete a utilizar la web, sus contenidos y servicios conforme:<\/p>\n\n\n\n<ul class=\"wp-block-list\">\n<li>a la ley,<\/li>\n\n\n\n<li>a la buena fe,<\/li>\n\n\n\n<li>y a las pr\u00e1cticas generalmente aceptadas.<\/li>\n<\/ul>\n\n\n\n<p>Queda prohibido:<\/p>\n\n\n\n<ul class=\"wp-block-list\">\n<li>Usar la web con fines il\u00edcitos o lesivos.<\/li>\n\n\n\n<li>Realizar acciones que puedan da\u00f1ar, inutilizar o sobrecargar el sitio.<\/li>\n\n\n\n<li>Difundir contenido ofensivo, ilegal o que vulnere derechos de terceros.<\/li>\n<\/ul>\n\n\n\n<hr class=\"wp-block-separator has-alpha-channel-opacity\"\/>\n\n\n\n<h3 class=\"wp-block-heading\"><strong>4. Propiedad intelectual<\/strong><\/h3>\n\n\n\n<p>Todo el contenido de este sitio web \u2014incluyendo textos, im\u00e1genes, dise\u00f1os, logotipos, gr\u00e1ficos y cualquier material audiovisual\u2014 es titularidad del propietario o se utiliza con los permisos correspondientes.<\/p>\n\n\n\n<p><strong>Queda prohibida su reproducci\u00f3n, distribuci\u00f3n, comunicaci\u00f3n p\u00fablica o transformaci\u00f3n<\/strong>, total o parcial, sin permiso previo y por escrito.<\/p>\n\n\n\n<p>Las im\u00e1genes de renders mostradas en la web est\u00e1n protegidas por derechos de autor.<\/p>\n\n\n\n<hr class=\"wp-block-separator has-alpha-channel-opacity\"\/>\n\n\n\n<h3 class=\"wp-block-heading\"><strong>5. Responsabilidad del titular<\/strong><\/h3>\n\n\n\n<p>El titular no se hace responsable de:<\/p>\n\n\n\n<ul class=\"wp-block-list\">\n<li>La presencia de virus u otros elementos que puedan producir da\u00f1os en los sistemas inform\u00e1ticos del usuario.<\/li>\n\n\n\n<li>La disponibilidad continua del sitio web.<\/li>\n\n\n\n<li>Errores u omisiones en los contenidos, aunque se intenta mantener la informaci\u00f3n actualizada y veraz.<\/li>\n<\/ul>\n\n\n\n<p>El titular podr\u00e1 suspender temporalmente el acceso al sitio web por mantenimiento, mejora o reparaci\u00f3n.<\/p>\n\n\n\n<hr class=\"wp-block-separator has-alpha-channel-opacity\"\/>\n\n\n\n<h3 class=\"wp-block-heading\"><strong>6. Enlaces externos<\/strong><\/h3>\n\n\n\n<p>El sitio puede incluir enlaces a p\u00e1ginas de terceros.<\/p>\n\n\n\n<p>El titular <strong>no se responsabiliza<\/strong> de los contenidos, pol\u00edticas o funcionamiento de dichos sitios externos.<\/p>\n\n\n\n<hr class=\"wp-block-separator has-alpha-channel-opacity\"\/>\n\n\n\n<h3 class=\"wp-block-heading\"><strong>7. Protecci\u00f3n de datos<\/strong><\/h3>\n\n\n\n<p>Los datos personales facilitados a trav\u00e9s del formulario o por correo se tratan conforme a la <strong>Privacy Policy<\/strong>, accesible en la web.<\/p>\n\n\n\n<p>El usuario garantiza que la informaci\u00f3n enviada es verdadera, exacta y actualizada.<\/p>\n\n\n\n<hr class=\"wp-block-separator has-alpha-channel-opacity\"\/>\n\n\n\n<h3 class=\"wp-block-heading\"><strong>8. Pol\u00edtica de cookies<\/strong><\/h3>\n\n\n\n<p>El uso de cookies est\u00e1 regulado en la <strong>Cookies Policy<\/strong> del sitio web, visible desde cualquier p\u00e1gina del mismo.<\/p>\n\n\n\n<hr class=\"wp-block-separator has-alpha-channel-opacity\"\/>\n\n\n\n<h3 class=\"wp-block-heading\"><strong>9. Legislaci\u00f3n aplicable<\/strong><\/h3>\n\n\n\n<p>Este sitio web se rige por la legislaci\u00f3n espa\u00f1ola y, en caso de conflicto, las partes se someter\u00e1n a los tribunales de la ciudad correspondiente al domicilio del titular, salvo que la ley determine lo contrario.<\/p>","protected":false},"excerpt":{"rendered":"<p>Aviso Legal \u2014 BOOKVIZ \u00daltima actualizaci\u00f3n: 14\/11\/2025 1. Datos identificativos En cumplimiento con la Ley 34\/2002, de 11 de julio, de Servicios de la Sociedad de la Informaci\u00f3n y Comercio Electr\u00f3nico (LSSI), se informa de lo siguiente: El titular desarrolla [&hellip;]<\/p>","protected":false},"author":1,"featured_media":0,"parent":0,"menu_order":0,"comment_status":"closed","ping_status":"closed","template":"","meta":{"footnotes":""},"class_list":["post-12908","page","type-page","status-publish","hentry"],"yoast_head":"<!-- This site is optimized with the Yoast SEO plugin v26.8 - https:\/\/yoast.com\/product\/yoast-seo-wordpress\/ -->\n<title>Aviso Legal - BOOKVIZ<\/title>\n<meta name=\"robots\" content=\"index, follow, max-snippet:-1, max-image-preview:large, max-video-preview:-1\" \/>\n<link rel=\"canonical\" href=\"https:\/\/bookviz.pro\/eng\/aviso-legal-bookviz\/\" \/>\n<meta property=\"og:locale\" content=\"en_US\" \/>\n<meta property=\"og:type\" content=\"article\" \/>\n<meta property=\"og:title\" content=\"Aviso Legal - BOOKVIZ\" \/>\n<meta property=\"og:description\" content=\"Aviso Legal \u2014 BOOKVIZ \u00daltima actualizaci\u00f3n: 14\/11\/2025 1. Datos identificativos En cumplimiento con la Ley 34\/2002, de 11 de julio, de Servicios de la Sociedad de la Informaci\u00f3n y Comercio Electr\u00f3nico (LSSI), se informa de lo siguiente: El titular desarrolla [&hellip;]\" \/>\n<meta property=\"og:url\" content=\"https:\/\/bookviz.pro\/eng\/aviso-legal-bookviz\/\" \/>\n<meta property=\"og:site_name\" content=\"BOOKVIZ\" \/>\n<meta property=\"article:modified_time\" content=\"2025-12-02T18:39:33+00:00\" \/>\n<meta name=\"twitter:card\" content=\"summary_large_image\" \/>\n<meta name=\"twitter:label1\" content=\"Est. reading time\" \/>\n\t<meta name=\"twitter:data1\" content=\"2 minutes\" \/>\n<script type=\"application\/ld+json\" class=\"yoast-schema-graph\">{\"@context\":\"https:\/\/schema.org\",\"@graph\":[{\"@type\":\"WebPage\",\"@id\":\"https:\/\/bookviz.pro\/aviso-legal-bookviz\/\",\"url\":\"https:\/\/bookviz.pro\/aviso-legal-bookviz\/\",\"name\":\"Aviso Legal - BOOKVIZ\",\"isPartOf\":{\"@id\":\"https:\/\/bookviz.pro\/#website\"},\"datePublished\":\"2025-11-14T09:09:33+00:00\",\"dateModified\":\"2025-12-02T18:39:33+00:00\",\"breadcrumb\":{\"@id\":\"https:\/\/bookviz.pro\/aviso-legal-bookviz\/#breadcrumb\"},\"inLanguage\":\"en-US\",\"potentialAction\":[{\"@type\":\"ReadAction\",\"target\":[\"https:\/\/bookviz.pro\/aviso-legal-bookviz\/\"]}]},{\"@type\":\"BreadcrumbList\",\"@id\":\"https:\/\/bookviz.pro\/aviso-legal-bookviz\/#breadcrumb\",\"itemListElement\":[{\"@type\":\"ListItem\",\"position\":1,\"name\":\"Portada\",\"item\":\"https:\/\/bookviz.pro\/\"},{\"@type\":\"ListItem\",\"position\":2,\"name\":\"Aviso Legal\"}]},{\"@type\":\"WebSite\",\"@id\":\"https:\/\/bookviz.pro\/#website\",\"url\":\"https:\/\/bookviz.pro\/\",\"name\":\"BOOKVIZ\",\"description\":\"Visuales 3D para marketing editorial y literario\",\"publisher\":{\"@id\":\"https:\/\/bookviz.pro\/#\/schema\/person\/87cada7392625ff40ff638d27735e74b\"},\"potentialAction\":[{\"@type\":\"SearchAction\",\"target\":{\"@type\":\"EntryPoint\",\"urlTemplate\":\"https:\/\/bookviz.pro\/?s={search_term_string}\"},\"query-input\":{\"@type\":\"PropertyValueSpecification\",\"valueRequired\":true,\"valueName\":\"search_term_string\"}}],\"inLanguage\":\"en-US\"},{\"@type\":[\"Person\",\"Organization\"],\"@id\":\"https:\/\/bookviz.pro\/#\/schema\/person\/87cada7392625ff40ff638d27735e74b\",\"name\":\"bookvizpro@gmail.com\",\"image\":{\"@type\":\"ImageObject\",\"inLanguage\":\"en-US\",\"@id\":\"https:\/\/bookviz.pro\/#\/schema\/person\/image\/\",\"url\":\"https:\/\/bookviz.pro\/wp-content\/uploads\/2025\/10\/Favi.png\",\"contentUrl\":\"https:\/\/bookviz.pro\/wp-content\/uploads\/2025\/10\/Favi.png\",\"width\":512,\"height\":512,\"caption\":\"bookvizpro@gmail.com\"},\"logo\":{\"@id\":\"https:\/\/bookviz.pro\/#\/schema\/person\/image\/\"},\"sameAs\":[\"https:\/\/bookviz.pro\"]}]}<\/script>\n<!-- \/ Yoast SEO plugin. -->","yoast_head_json":{"title":"Aviso Legal - BOOKVIZ","robots":{"index":"index","follow":"follow","max-snippet":"max-snippet:-1","max-image-preview":"max-image-preview:large","max-video-preview":"max-video-preview:-1"},"canonical":"https:\/\/bookviz.pro\/eng\/aviso-legal-bookviz\/","og_locale":"en_US","og_type":"article","og_title":"Aviso Legal - BOOKVIZ","og_description":"Aviso Legal \u2014 BOOKVIZ \u00daltima actualizaci\u00f3n: 14\/11\/2025 1. Datos identificativos En cumplimiento con la Ley 34\/2002, de 11 de julio, de Servicios de la Sociedad de la Informaci\u00f3n y Comercio Electr\u00f3nico (LSSI), se informa de lo siguiente: El titular desarrolla [&hellip;]","og_url":"https:\/\/bookviz.pro\/eng\/aviso-legal-bookviz\/","og_site_name":"BOOKVIZ","article_modified_time":"2025-12-02T18:39:33+00:00","twitter_card":"summary_large_image","twitter_misc":{"Est. reading time":"2 minutes"},"schema":{"@context":"https:\/\/schema.org","@graph":[{"@type":"WebPage","@id":"https:\/\/bookviz.pro\/aviso-legal-bookviz\/","url":"https:\/\/bookviz.pro\/aviso-legal-bookviz\/","name":"Aviso Legal - BOOKVIZ","isPartOf":{"@id":"https:\/\/bookviz.pro\/#website"},"datePublished":"2025-11-14T09:09:33+00:00","dateModified":"2025-12-02T18:39:33+00:00","breadcrumb":{"@id":"https:\/\/bookviz.pro\/aviso-legal-bookviz\/#breadcrumb"},"inLanguage":"en-US","potentialAction":[{"@type":"ReadAction","target":["https:\/\/bookviz.pro\/aviso-legal-bookviz\/"]}]},{"@type":"BreadcrumbList","@id":"https:\/\/bookviz.pro\/aviso-legal-bookviz\/#breadcrumb","itemListElement":[{"@type":"ListItem","position":1,"name":"Portada","item":"https:\/\/bookviz.pro\/"},{"@type":"ListItem","position":2,"name":"Aviso Legal"}]},{"@type":"WebSite","@id":"https:\/\/bookviz.pro\/#website","url":"https:\/\/bookviz.pro\/","name":"BOOKVIZ","description":"Visuales 3D para marketing editorial y literario","publisher":{"@id":"https:\/\/bookviz.pro\/#\/schema\/person\/87cada7392625ff40ff638d27735e74b"},"potentialAction":[{"@type":"SearchAction","target":{"@type":"EntryPoint","urlTemplate":"https:\/\/bookviz.pro\/?s={search_term_string}"},"query-input":{"@type":"PropertyValueSpecification","valueRequired":true,"valueName":"search_term_string"}}],"inLanguage":"en-US"},{"@type":["Person","Organization"],"@id":"https:\/\/bookviz.pro\/#\/schema\/person\/87cada7392625ff40ff638d27735e74b","name":"bookvizpro@gmail.com","image":{"@type":"ImageObject","inLanguage":"en-US","@id":"https:\/\/bookviz.pro\/#\/schema\/person\/image\/","url":"https:\/\/bookviz.pro\/wp-content\/uploads\/2025\/10\/Favi.png","contentUrl":"https:\/\/bookviz.pro\/wp-content\/uploads\/2025\/10\/Favi.png","width":512,"height":512,"caption":"bookvizpro@gmail.com"},"logo":{"@id":"https:\/\/bookviz.pro\/#\/schema\/person\/image\/"},"sameAs":["https:\/\/bookviz.pro"]}]}},"_hostinger_reach_plugin_has_subscription_block":false,"_hostinger_reach_plugin_is_elementor":false,"_links":{"self":[{"href":"https:\/\/bookviz.pro\/eng\/wp-json\/wp\/v2\/pages\/12908","targetHints":{"allow":["GET"]}}],"collection":[{"href":"https:\/\/bookviz.pro\/eng\/wp-json\/wp\/v2\/pages"}],"about":[{"href":"https:\/\/bookviz.pro\/eng\/wp-json\/wp\/v2\/types\/page"}],"author":[{"embeddable":true,"href":"https:\/\/bookviz.pro\/eng\/wp-json\/wp\/v2\/users\/1"}],"replies":[{"embeddable":true,"href":"https:\/\/bookviz.pro\/eng\/wp-json\/wp\/v2\/comments?post=12908"}],"version-history":[{"count":5,"href":"https:\/\/bookviz.pro\/eng\/wp-json\/wp\/v2\/pages\/12908\/revisions"}],"predecessor-version":[{"id":14100,"href":"https:\/\/bookviz.pro\/eng\/wp-json\/wp\/v2\/pages\/12908\/revisions\/14100"}],"wp:attachment":[{"href":"https:\/\/bookviz.pro\/eng\/wp-json\/wp\/v2\/media?parent=12908"}],"curies":[{"name":"wp","href":"https:\/\/api.w.org\/{rel}","templated":true}]}}