{"id":10104,"date":"2024-11-24T11:03:40","date_gmt":"2024-11-24T11:03:40","guid":{"rendered":"https:\/\/studiofifty.premiumthemes.in\/?page_id=10104"},"modified":"2026-01-19T08:27:49","modified_gmt":"2026-01-19T08:27:49","slug":"contacto","status":"publish","type":"page","link":"https:\/\/bookviz.pro\/eng\/contacto\/","title":{"rendered":"Contact"},"content":{"rendered":"<div data-elementor-type=\"wp-page\" data-elementor-id=\"10104\" class=\"elementor elementor-10104\">\n\t\t\t\t<div class=\"elementor-element elementor-element-6dd4699b e-con-full e-flex mk-enable-fade-animation-none mk-sticky-column-false mk-sticky-column-disable-tablet e-con e-parent\" data-id=\"6dd4699b\" data-element_type=\"container\" data-settings=\"{&quot;mk-animation-effect&quot;:&quot;none&quot;,&quot;mk_ext_is_sticky&quot;:&quot;false&quot;}\">\n\t\t\t\t<\/div>\n\t\t<div class=\"elementor-element elementor-element-2c40ee5e e-flex e-con-boxed mk-enable-fade-animation-none mk-sticky-column-false mk-sticky-column-disable-tablet e-con e-parent\" data-id=\"2c40ee5e\" data-element_type=\"container\" data-settings=\"{&quot;mk-animation-effect&quot;:&quot;none&quot;,&quot;mk_ext_is_sticky&quot;:&quot;false&quot;}\">\n\t\t\t\t\t<div class=\"e-con-inner\">\n\t\t<div class=\"elementor-element elementor-element-573908b1 e-con-full e-flex mk-enable-fade-animation-none mk-sticky-column-false mk-sticky-column-disable-tablet e-con e-child\" data-id=\"573908b1\" data-element_type=\"container\" data-settings=\"{&quot;mk-animation-effect&quot;:&quot;none&quot;,&quot;mk_ext_is_sticky&quot;:&quot;false&quot;}\">\n\t\t\t\t<div class=\"elementor-element elementor-element-2d4cb455 mk-t-animation-char elementor-widget__width-initial elementor-widget-tablet__width-inherit mk-enable-fade-animation-none elementor-widget elementor-widget-mk_animated_title\" data-id=\"2d4cb455\" data-element_type=\"widget\" data-settings=\"{&quot;mk_text_animation&quot;:&quot;char&quot;,&quot;text_delay&quot;:0.15,&quot;text_duration&quot;:1,&quot;text_stagger&quot;:0.02,&quot;text_on_scroll&quot;:&quot;yes&quot;,&quot;text_translate_x&quot;:20,&quot;text_translate_y&quot;:0,&quot;mk-animation-effect&quot;:&quot;none&quot;,&quot;mk_ext_is_infinite&quot;:&quot;false&quot;,&quot;mk_ext_is_scrollme&quot;:&quot;false&quot;}\" data-widget_type=\"mk_animated_title.default\">\n\t\t\t\t<div class=\"elementor-widget-container\">\n\t\t\t\t\t<h3 class=\"mk--animated-title\">READY TO TALK ABOUT YOUR BOOK?<\/h3>\t\t\t\t<\/div>\n\t\t\t\t<\/div>\n\t\t\t\t<div class=\"elementor-element elementor-element-77ef8df7 elementor-widget__width-initial mk-enable-fade-animation-fade elementor-widget elementor-widget-text-editor\" data-id=\"77ef8df7\" data-element_type=\"widget\" data-settings=\"{&quot;mk-animation-effect&quot;:&quot;fade&quot;,&quot;mk_enable_animation_editor&quot;:&quot;yes&quot;,&quot;delay&quot;:0.25,&quot;fade-from&quot;:&quot;right&quot;,&quot;on-scroll&quot;:1,&quot;data-duration&quot;:1.5,&quot;ease&quot;:&quot;power2.out&quot;,&quot;fade-offset&quot;:50,&quot;mk_ext_is_infinite&quot;:&quot;false&quot;,&quot;mk_ext_is_scrollme&quot;:&quot;false&quot;}\" data-widget_type=\"text-editor.default\">\n\t\t\t\t\t\t\t\t\t<p class=\"p1\">Tell me about the title or collection and what visuals you need. I\u2019ll be happy to help.<\/p>\t\t\t\t\t\t\t\t<\/div>\n\t\t\t\t<\/div>\n\t\t<div class=\"elementor-element elementor-element-472dc54c e-con-full mk-enable-fade-animation-fade e-flex mk-sticky-column-false mk-sticky-column-disable-tablet e-con e-child\" data-id=\"472dc54c\" data-element_type=\"container\" data-settings=\"{&quot;mk-animation-effect&quot;:&quot;fade&quot;,&quot;mk_enable_animation_editor&quot;:&quot;yes&quot;,&quot;delay&quot;:0.3,&quot;fade-from&quot;:&quot;right&quot;,&quot;on-scroll&quot;:1,&quot;data-duration&quot;:1.5,&quot;ease&quot;:&quot;power2.out&quot;,&quot;fade-offset&quot;:50,&quot;mk_ext_is_sticky&quot;:&quot;false&quot;}\">\n\t\t\t\t<div class=\"elementor-element elementor-element-28edab87 mk-cf7-style-underline mk-cf7-check-yes elementor-widget-tablet__width-initial mk-cf7-button-left mk-cf7-highlight-style-default mk-enable-fade-animation-none elementor-widget elementor-widget-mk_contact_form_styler\" data-id=\"28edab87\" data-element_type=\"widget\" data-settings=\"{&quot;mk-animation-effect&quot;:&quot;none&quot;,&quot;mk_ext_is_infinite&quot;:&quot;false&quot;,&quot;mk_ext_is_scrollme&quot;:&quot;false&quot;}\" data-widget_type=\"mk_contact_form_styler.default\">\n\t\t\t\t<div class=\"elementor-widget-container\">\n\t\t\t\t\t\t\t\t\t<div class = \"mk-cf7-container mk-cf7-btn-abs-no\">\n\t\t\t\t\t\t<div class = \"mk-cf7 mk-cf7-style elementor-clickable\">\n\t\t\t\t\t\t\n<div class=\"wpcf7 no-js\" id=\"wpcf7-f10062-o1\" lang=\"en-US\" dir=\"ltr\" data-wpcf7-id=\"10062\">\n<div class=\"screen-reader-response\"><p role=\"status\" aria-live=\"polite\" aria-atomic=\"true\"><\/p> <ul><\/ul><\/div>\n<form action=\"\/eng\/wp-json\/wp\/v2\/pages\/10104#wpcf7-f10062-o1\" method=\"post\" class=\"wpcf7-form init\" aria-label=\"Contact form\" novalidate=\"novalidate\" data-status=\"init\" data-trp-original-action=\"\/eng\/wp-json\/wp\/v2\/pages\/10104#wpcf7-f10062-o1\">\n<fieldset class=\"hidden-fields-container\"><input type=\"hidden\" name=\"_wpcf7\" value=\"10062\" \/><input type=\"hidden\" name=\"_wpcf7_version\" value=\"6.1.4\" \/><input type=\"hidden\" name=\"_wpcf7_locale\" value=\"en_US\" \/><input type=\"hidden\" name=\"_wpcf7_unit_tag\" value=\"wpcf7-f10062-o1\" \/><input type=\"hidden\" name=\"_wpcf7_container_post\" value=\"0\" \/><input type=\"hidden\" name=\"_wpcf7_posted_data_hash\" value=\"\" \/><input type=\"hidden\" name=\"_wpcf7_recaptcha_response\" value=\"\" \/>\n<\/fieldset>\n<div class=\"swm-row zero-p-margin\">\n\t<div class=\"swm-column swm-column2\">\n\t\t<div class=\"swm-column-gap\">\n\t\t\t<p><span class=\"wpcf7-form-control-wrap\" data-name=\"your-name\"><input size=\"40\" maxlength=\"400\" class=\"wpcf7-form-control wpcf7-text wpcf7-validates-as-required\" aria-required=\"true\" aria-invalid=\"false\" placeholder=\"Name\" value=\"\" type=\"text\" name=\"your-name\" \/><\/span>\n\t\t\t<\/p>\n\t\t<\/div>\n\t<\/div>\n\t<div class=\"swm-column swm-column2\">\n\t\t<div class=\"swm-column-gap\">\n\t\t\t<p><span class=\"wpcf7-form-control-wrap\" data-name=\"your-email\"><input size=\"40\" maxlength=\"400\" class=\"wpcf7-form-control wpcf7-email wpcf7-validates-as-required wpcf7-text wpcf7-validates-as-email\" aria-required=\"true\" aria-invalid=\"false\" placeholder=\"Email\" value=\"\" type=\"email\" name=\"your-email\" \/><\/span>\n\t\t\t<\/p>\n\t\t<\/div>\n\t<\/div>\n\t<div class=\"clear\">\n\t<\/div>\n\t<div class=\"swm-column swm-column1\">\n\t\t<div class=\"swm-column-gap\">\n\t\t\t<p><span class=\"wpcf7-form-control-wrap\" data-name=\"your-message\"><textarea cols=\"40\" rows=\"10\" maxlength=\"2000\" class=\"wpcf7-form-control wpcf7-textarea\" aria-invalid=\"false\" placeholder=\"Message\" name=\"your-message\"><\/textarea><\/span>\n\t\t\t<\/p>\n\t\t<\/div>\n\t<\/div>\n\t<div class=\"clear\">\n\t<\/div>\n\t<p><span class=\"wpcf7-form-control-wrap\" data-name=\"acceptance-847\"><span class=\"wpcf7-form-control wpcf7-acceptance\"><span class=\"wpcf7-list-item\"><label><input type=\"checkbox\" name=\"acceptance-847\" value=\"1\" aria-invalid=\"false\" \/><span class=\"wpcf7-list-item-label\">I have read and accept the <a href=\"\/eng\/politica-de-privacidad\/\" target=\"_blank\">privacy policy<\/a><\/span><\/label><\/span><\/span><\/span>\n\t<\/p>\n\t<div class=\"swm-column swm-column1\">\n\t\t<div class=\"swm-column-gap\">\n\t\t\t<p><button class=\"wpcf7-form-control wpcf7-submit swm-cf7-button\" type=\"submit\"><span class=\"swm-cf7-btn-text\">SEND<\/span><span class=\"swm-cf7-btn-icon\"><svg class=\"swm-svg--arrow swm-svg-contact-btn-arrow\" enable-background=\"new 0 0 32 32\" height=\"512\" viewbox=\"0 0 32 32\" width=\"512\" xmlns=\"http:\/\/www.w3.org\/2000\/svg\"><path d=\"m3 17.5h22.379l-10.44 10.439c-.586.585-.586 1.536 0 2.121.293.294.677.44 1.061.44s.768-.146 1.061-.439l13-13c.586-.585.586-1.536 0-2.121l-13-13c-.586-.586-1.535-.586-2.121 0-.586.585-.586 1.536 0 2.121l10.439 10.439h-22.379c-.828 0-1.5.671-1.5 1.5s.672 1.5 1.5 1.5z\"\/><\/svg><\/span><\/button>\n\t\t\t<\/p>\n\t\t<\/div>\n\t<\/div>\n\t<div class=\"clear\">\n\t<\/div>\n<\/div><input type=\"hidden\" id=\"ct_checkjs_cf7_f7177163c833dff4b38fc8d2872f1ec6\" name=\"ct_checkjs_cf7\" value=\"0\" \/><script >setTimeout(function(){var ct_input_name = \"ct_checkjs_cf7_f7177163c833dff4b38fc8d2872f1ec6\";if (document.getElementById(ct_input_name) !== null) {var ct_input_value = document.getElementById(ct_input_name).value;document.getElementById(ct_input_name).value = document.getElementById(ct_input_name).value.replace(ct_input_value, '1a1aad737712c279a9326c3a3591f2f1d559d0c92c2d02b476311ee7596fb731');}}, 1000);<\/script><input\n                    class=\"apbct_special_field apbct_email_id__wp_contact_form_7\"\n                    name=\"apbct__email_id__wp_contact_form_7\"\n                    aria-label=\"Contact form\"\n                    type=\"text\" size=\"30\" maxlength=\"200\" autocomplete=\"off\"\n                    value=\"\"\n                \/><div class=\"wpcf7-response-output\" aria-hidden=\"true\"><\/div>\n<input\n                    class=\"apbct_special_field apbct_email_id__elementor_form\"\n                    name=\"apbct__email_id__elementor_form\"\n                    aria-label=\"Contact form\"\n                    type=\"text\" size=\"30\" maxlength=\"200\" autocomplete=\"off\"\n                    value=\"\"\n                \/><input type=\"hidden\" name=\"trp-form-language\" value=\"eng\"\/><\/form>\n<\/div>\n\t\t\t\t\t<\/div>\n\t\t\t\t<\/div>\n\t\t\t\t\t\t\t\t<\/div>\n\t\t\t\t<\/div>\n\t\t\t\t<\/div>\n\t\t\t\t\t<\/div>\n\t\t\t\t<\/div>\n\t\t<div class=\"elementor-element elementor-element-60379666 e-flex e-con-boxed mk-enable-fade-animation-none mk-sticky-column-false mk-sticky-column-disable-tablet e-con e-parent\" data-id=\"60379666\" data-element_type=\"container\" data-settings=\"{&quot;mk-animation-effect&quot;:&quot;none&quot;,&quot;mk_ext_is_sticky&quot;:&quot;false&quot;}\">\n\t\t\t\t\t<div class=\"e-con-inner\">\n\t\t\t\t<div class=\"elementor-element elementor-element-9c19418 elementor-icon-list--layout-inline elementor-align-center elementor-list-item-link-full_width mk-enable-fade-animation-none elementor-widget elementor-widget-icon-list\" data-id=\"9c19418\" data-element_type=\"widget\" data-settings=\"{&quot;mk-animation-effect&quot;:&quot;none&quot;,&quot;mk_ext_is_infinite&quot;:&quot;false&quot;,&quot;mk_ext_is_scrollme&quot;:&quot;false&quot;}\" data-widget_type=\"icon-list.default\">\n\t\t\t\t\t\t\t<ul class=\"elementor-icon-list-items elementor-inline-items\">\n\t\t\t\t\t\t\t<li class=\"elementor-icon-list-item elementor-inline-item\">\n\t\t\t\t\t\t\t\t\t\t\t<a href=\"https:\/\/www.instagram.com\/bookviz.pro\/\" target=\"_blank\">\n\n\t\t\t\t\t\t\t\t\t\t\t\t<span class=\"elementor-icon-list-icon\">\n\t\t\t\t\t\t\t<svg aria-hidden=\"true\" class=\"e-font-icon-svg e-fab-instagram\" viewbox=\"0 0 448 512\" xmlns=\"http:\/\/www.w3.org\/2000\/svg\"><path d=\"M224.1 141c-63.6 0-114.9 51.3-114.9 114.9s51.3 114.9 114.9 114.9S339 319.5 339 255.9 287.7 141 224.1 141zm0 189.6c-41.1 0-74.7-33.5-74.7-74.7s33.5-74.7 74.7-74.7 74.7 33.5 74.7 74.7-33.6 74.7-74.7 74.7zm146.4-194.3c0 14.9-12 26.8-26.8 26.8-14.9 0-26.8-12-26.8-26.8s12-26.8 26.8-26.8 26.8 12 26.8 26.8zm76.1 27.2c-1.7-35.9-9.9-67.7-36.2-93.9-26.2-26.2-58-34.4-93.9-36.2-37-2.1-147.9-2.1-184.9 0-35.8 1.7-67.6 9.9-93.9 36.1s-34.4 58-36.2 93.9c-2.1 37-2.1 147.9 0 184.9 1.7 35.9 9.9 67.7 36.2 93.9s58 34.4 93.9 36.2c37 2.1 147.9 2.1 184.9 0 35.9-1.7 67.7-9.9 93.9-36.2 26.2-26.2 34.4-58 36.2-93.9 2.1-37 2.1-147.8 0-184.8zM398.8 388c-7.8 19.6-22.9 34.7-42.6 42.6-29.5 11.7-99.5 9-132.1 9s-102.7 2.6-132.1-9c-19.6-7.8-34.7-22.9-42.6-42.6-11.7-29.5-9-99.5-9-132.1s-2.6-102.7 9-132.1c7.8-19.6 22.9-34.7 42.6-42.6 29.5-11.7 99.5-9 132.1-9s102.7-2.6 132.1 9c19.6 7.8 34.7 22.9 42.6 42.6 11.7 29.5 9 99.5 9 132.1s2.7 102.7-9 132.1z\"><\/path><\/svg>\t\t\t\t\t\t<\/span>\n\t\t\t\t\t\t\t\t\t\t<span class=\"elementor-icon-list-text\"><\/span>\n\t\t\t\t\t\t\t\t\t\t\t<\/a>\n\t\t\t\t\t\t\t\t\t<\/li>\n\t\t\t\t\t\t\t\t<li class=\"elementor-icon-list-item elementor-inline-item\">\n\t\t\t\t\t\t\t\t\t\t\t<a href=\"https:\/\/www.linkedin.com\/in\/bookviz\/\" target=\"_blank\">\n\n\t\t\t\t\t\t\t\t\t\t\t\t<span class=\"elementor-icon-list-icon\">\n\t\t\t\t\t\t\t<svg aria-hidden=\"true\" class=\"e-font-icon-svg e-fab-linkedin-in\" viewbox=\"0 0 448 512\" xmlns=\"http:\/\/www.w3.org\/2000\/svg\"><path d=\"M100.28 448H7.4V148.9h92.88zM53.79 108.1C24.09 108.1 0 83.5 0 53.8a53.79 53.79 0 0 1 107.58 0c0 29.7-24.1 54.3-53.79 54.3zM447.9 448h-92.68V302.4c0-34.7-.7-79.2-48.29-79.2-48.29 0-55.69 37.7-55.69 76.7V448h-92.78V148.9h89.08v40.8h1.3c12.4-23.5 42.69-48.3 87.88-48.3 94 0 111.28 61.9 111.28 142.3V448z\"><\/path><\/svg>\t\t\t\t\t\t<\/span>\n\t\t\t\t\t\t\t\t\t\t<span class=\"elementor-icon-list-text\"><\/span>\n\t\t\t\t\t\t\t\t\t\t\t<\/a>\n\t\t\t\t\t\t\t\t\t<\/li>\n\t\t\t\t\t\t<\/ul>\n\t\t\t\t\t\t<\/div>\n\t\t\t\t\t<\/div>\n\t\t\t\t<\/div>\n\t\t<div class=\"elementor-element elementor-element-bb308a6 e-flex e-con-boxed mk-enable-fade-animation-none mk-sticky-column-false mk-sticky-column-disable-tablet e-con e-parent\" data-id=\"bb308a6\" data-element_type=\"container\" data-settings=\"{&quot;mk-animation-effect&quot;:&quot;none&quot;,&quot;mk_ext_is_sticky&quot;:&quot;false&quot;}\">\n\t\t\t\t\t<div class=\"e-con-inner\">\n\t\t\t\t\t<\/div>\n\t\t\t\t<\/div>\n\t\t\t\t<\/div>","protected":false},"excerpt":{"rendered":"<p>\u00bfHas venido a hablar de tu libro? Cu\u00e9ntame sobre el t\u00edtulo o la colecci\u00f3n y qu\u00e9 piezas necesitas. Estar\u00e9 encantado de echarte una mano. He le\u00eddo y acepto la pol\u00edtica de privacidad Enviar<\/p>","protected":false},"author":1,"featured_media":0,"parent":0,"menu_order":0,"comment_status":"closed","ping_status":"closed","template":"elementor_header_footer","meta":{"footnotes":""},"class_list":["post-10104","page","type-page","status-publish","hentry"],"yoast_head":"<!-- This site is optimized with the Yoast SEO plugin v26.8 - https:\/\/yoast.com\/product\/yoast-seo-wordpress\/ -->\n<title>Contacto - BOOKVIZ<\/title>\n<meta name=\"robots\" content=\"index, follow, max-snippet:-1, max-image-preview:large, max-video-preview:-1\" \/>\n<link rel=\"canonical\" href=\"https:\/\/bookviz.pro\/eng\/contacto\/\" \/>\n<meta property=\"og:locale\" content=\"en_US\" \/>\n<meta property=\"og:type\" content=\"article\" \/>\n<meta property=\"og:title\" content=\"Contacto - BOOKVIZ\" \/>\n<meta property=\"og:description\" content=\"\u00bfHas venido a hablar de tu libro? Cu\u00e9ntame sobre el t\u00edtulo o la colecci\u00f3n y qu\u00e9 piezas necesitas. Estar\u00e9 encantado de echarte una mano. He le\u00eddo y acepto la pol\u00edtica de privacidad Enviar\" \/>\n<meta property=\"og:url\" content=\"https:\/\/bookviz.pro\/eng\/contacto\/\" \/>\n<meta property=\"og:site_name\" content=\"BOOKVIZ\" \/>\n<meta property=\"article:modified_time\" content=\"2026-01-19T08:27:49+00:00\" \/>\n<meta name=\"twitter:card\" content=\"summary_large_image\" \/>\n<script type=\"application\/ld+json\" class=\"yoast-schema-graph\">{\"@context\":\"https:\/\/schema.org\",\"@graph\":[{\"@type\":\"WebPage\",\"@id\":\"https:\/\/bookviz.pro\/contacto\/\",\"url\":\"https:\/\/bookviz.pro\/contacto\/\",\"name\":\"Contacto - BOOKVIZ\",\"isPartOf\":{\"@id\":\"https:\/\/bookviz.pro\/#website\"},\"datePublished\":\"2024-11-24T11:03:40+00:00\",\"dateModified\":\"2026-01-19T08:27:49+00:00\",\"breadcrumb\":{\"@id\":\"https:\/\/bookviz.pro\/contacto\/#breadcrumb\"},\"inLanguage\":\"en-US\",\"potentialAction\":[{\"@type\":\"ReadAction\",\"target\":[\"https:\/\/bookviz.pro\/contacto\/\"]}]},{\"@type\":\"BreadcrumbList\",\"@id\":\"https:\/\/bookviz.pro\/contacto\/#breadcrumb\",\"itemListElement\":[{\"@type\":\"ListItem\",\"position\":1,\"name\":\"Portada\",\"item\":\"https:\/\/bookviz.pro\/\"},{\"@type\":\"ListItem\",\"position\":2,\"name\":\"Contacto\"}]},{\"@type\":\"WebSite\",\"@id\":\"https:\/\/bookviz.pro\/#website\",\"url\":\"https:\/\/bookviz.pro\/\",\"name\":\"BOOKVIZ\",\"description\":\"Visuales 3D para marketing editorial y literario\",\"publisher\":{\"@id\":\"https:\/\/bookviz.pro\/#\/schema\/person\/87cada7392625ff40ff638d27735e74b\"},\"potentialAction\":[{\"@type\":\"SearchAction\",\"target\":{\"@type\":\"EntryPoint\",\"urlTemplate\":\"https:\/\/bookviz.pro\/?s={search_term_string}\"},\"query-input\":{\"@type\":\"PropertyValueSpecification\",\"valueRequired\":true,\"valueName\":\"search_term_string\"}}],\"inLanguage\":\"en-US\"},{\"@type\":[\"Person\",\"Organization\"],\"@id\":\"https:\/\/bookviz.pro\/#\/schema\/person\/87cada7392625ff40ff638d27735e74b\",\"name\":\"bookvizpro@gmail.com\",\"image\":{\"@type\":\"ImageObject\",\"inLanguage\":\"en-US\",\"@id\":\"https:\/\/bookviz.pro\/#\/schema\/person\/image\/\",\"url\":\"https:\/\/bookviz.pro\/wp-content\/uploads\/2025\/10\/Favi.png\",\"contentUrl\":\"https:\/\/bookviz.pro\/wp-content\/uploads\/2025\/10\/Favi.png\",\"width\":512,\"height\":512,\"caption\":\"bookvizpro@gmail.com\"},\"logo\":{\"@id\":\"https:\/\/bookviz.pro\/#\/schema\/person\/image\/\"},\"sameAs\":[\"https:\/\/bookviz.pro\"]}]}<\/script>\n<!-- \/ Yoast SEO plugin. -->","yoast_head_json":{"title":"Contacto - BOOKVIZ","robots":{"index":"index","follow":"follow","max-snippet":"max-snippet:-1","max-image-preview":"max-image-preview:large","max-video-preview":"max-video-preview:-1"},"canonical":"https:\/\/bookviz.pro\/eng\/contacto\/","og_locale":"en_US","og_type":"article","og_title":"Contacto - BOOKVIZ","og_description":"\u00bfHas venido a hablar de tu libro? Cu\u00e9ntame sobre el t\u00edtulo o la colecci\u00f3n y qu\u00e9 piezas necesitas. Estar\u00e9 encantado de echarte una mano. He le\u00eddo y acepto la pol\u00edtica de privacidad Enviar","og_url":"https:\/\/bookviz.pro\/eng\/contacto\/","og_site_name":"BOOKVIZ","article_modified_time":"2026-01-19T08:27:49+00:00","twitter_card":"summary_large_image","schema":{"@context":"https:\/\/schema.org","@graph":[{"@type":"WebPage","@id":"https:\/\/bookviz.pro\/contacto\/","url":"https:\/\/bookviz.pro\/contacto\/","name":"Contacto - BOOKVIZ","isPartOf":{"@id":"https:\/\/bookviz.pro\/#website"},"datePublished":"2024-11-24T11:03:40+00:00","dateModified":"2026-01-19T08:27:49+00:00","breadcrumb":{"@id":"https:\/\/bookviz.pro\/contacto\/#breadcrumb"},"inLanguage":"en-US","potentialAction":[{"@type":"ReadAction","target":["https:\/\/bookviz.pro\/contacto\/"]}]},{"@type":"BreadcrumbList","@id":"https:\/\/bookviz.pro\/contacto\/#breadcrumb","itemListElement":[{"@type":"ListItem","position":1,"name":"Portada","item":"https:\/\/bookviz.pro\/"},{"@type":"ListItem","position":2,"name":"Contacto"}]},{"@type":"WebSite","@id":"https:\/\/bookviz.pro\/#website","url":"https:\/\/bookviz.pro\/","name":"BOOKVIZ","description":"Visuales 3D para marketing editorial y literario","publisher":{"@id":"https:\/\/bookviz.pro\/#\/schema\/person\/87cada7392625ff40ff638d27735e74b"},"potentialAction":[{"@type":"SearchAction","target":{"@type":"EntryPoint","urlTemplate":"https:\/\/bookviz.pro\/?s={search_term_string}"},"query-input":{"@type":"PropertyValueSpecification","valueRequired":true,"valueName":"search_term_string"}}],"inLanguage":"en-US"},{"@type":["Person","Organization"],"@id":"https:\/\/bookviz.pro\/#\/schema\/person\/87cada7392625ff40ff638d27735e74b","name":"bookvizpro@gmail.com","image":{"@type":"ImageObject","inLanguage":"en-US","@id":"https:\/\/bookviz.pro\/#\/schema\/person\/image\/","url":"https:\/\/bookviz.pro\/wp-content\/uploads\/2025\/10\/Favi.png","contentUrl":"https:\/\/bookviz.pro\/wp-content\/uploads\/2025\/10\/Favi.png","width":512,"height":512,"caption":"bookvizpro@gmail.com"},"logo":{"@id":"https:\/\/bookviz.pro\/#\/schema\/person\/image\/"},"sameAs":["https:\/\/bookviz.pro"]}]}},"_hostinger_reach_plugin_has_subscription_block":false,"_hostinger_reach_plugin_is_elementor":false,"_links":{"self":[{"href":"https:\/\/bookviz.pro\/eng\/wp-json\/wp\/v2\/pages\/10104","targetHints":{"allow":["GET"]}}],"collection":[{"href":"https:\/\/bookviz.pro\/eng\/wp-json\/wp\/v2\/pages"}],"about":[{"href":"https:\/\/bookviz.pro\/eng\/wp-json\/wp\/v2\/types\/page"}],"author":[{"embeddable":true,"href":"https:\/\/bookviz.pro\/eng\/wp-json\/wp\/v2\/users\/1"}],"replies":[{"embeddable":true,"href":"https:\/\/bookviz.pro\/eng\/wp-json\/wp\/v2\/comments?post=10104"}],"version-history":[{"count":60,"href":"https:\/\/bookviz.pro\/eng\/wp-json\/wp\/v2\/pages\/10104\/revisions"}],"predecessor-version":[{"id":14566,"href":"https:\/\/bookviz.pro\/eng\/wp-json\/wp\/v2\/pages\/10104\/revisions\/14566"}],"wp:attachment":[{"href":"https:\/\/bookviz.pro\/eng\/wp-json\/wp\/v2\/media?parent=10104"}],"curies":[{"name":"wp","href":"https:\/\/api.w.org\/{rel}","templated":true}]}}